{"id":21,"date":"2022-06-08T11:35:27","date_gmt":"2022-06-08T09:35:27","guid":{"rendered":"https:\/\/mein-dach-kann-mehr.de\/seiten\/?page_id=21"},"modified":"2023-02-28T20:52:33","modified_gmt":"2023-02-28T19:52:33","slug":"datenschutz","status":"publish","type":"page","link":"https:\/\/mein-dach-kann-mehr.de\/seiten\/datenschutz\/","title":{"rendered":"Datenschutz"},"content":{"rendered":"\t\t<div data-elementor-type=\"wp-page\" data-elementor-id=\"21\" class=\"elementor elementor-21\">\n\t\t\t\t\t\t<section class=\"elementor-section elementor-top-section elementor-element elementor-element-7b6f49e4 elementor-section-boxed elementor-section-height-default elementor-section-height-default\" data-id=\"7b6f49e4\" data-element_type=\"section\">\n\t\t\t\t\t\t<div class=\"elementor-container elementor-column-gap-default\">\n\t\t\t\t\t<div class=\"elementor-column elementor-col-100 elementor-top-column elementor-element elementor-element-7449f563\" data-id=\"7449f563\" data-element_type=\"column\">\n\t\t\t<div class=\"elementor-widget-wrap elementor-element-populated\">\n\t\t\t\t\t\t<div class=\"elementor-element elementor-element-76e5709a elementor-widget elementor-widget-text-editor\" data-id=\"76e5709a\" data-element_type=\"widget\" data-widget_type=\"text-editor.default\">\n\t\t\t\t<div class=\"elementor-widget-container\">\n\t\t\t<style>\/*! elementor - v3.21.0 - 24-04-2024 *\/\n.elementor-widget-text-editor.elementor-drop-cap-view-stacked .elementor-drop-cap{background-color:#69727d;color:#fff}.elementor-widget-text-editor.elementor-drop-cap-view-framed .elementor-drop-cap{color:#69727d;border:3px solid;background-color:transparent}.elementor-widget-text-editor:not(.elementor-drop-cap-view-default) .elementor-drop-cap{margin-top:8px}.elementor-widget-text-editor:not(.elementor-drop-cap-view-default) .elementor-drop-cap-letter{width:1em;height:1em}.elementor-widget-text-editor .elementor-drop-cap{float:left;text-align:center;line-height:1;font-size:50px}.elementor-widget-text-editor .elementor-drop-cap-letter{display:inline-block}<\/style>\t\t\t\t<p><!-- wp:paragraph --><\/p>\n<p><!-- \/wp:paragraph --><\/p>\n<p><!-- wp:paragraph --><\/p>\n<ol>\n<li><strong>Zugriffsdaten und Hosting<br \/><\/strong>Sie k\u00f6nnen unsere Webseiten besuchen, ohne Angaben zu Ihrer Person zu machen. Bei jedem Aufruf einer Webseite speichert der Webserver lediglich automatisch ein sogenanntes Server-Logfile, das z.B. den Namen der angeforderten Datei, Ihre IP-Adresse, Datum und Uhrzeit des Abrufs, \u00fcbertragene Datenmenge und den anfragenden Provider (Zugriffsdaten) enth\u00e4lt und den Abruf dokumentiert. <br \/><br \/><\/li>\n<li><strong>Datenerhebung und -verwendung zur Vertragsabwicklung<\/strong><br \/>Wir erheben personenbezogene Daten, wenn Sie uns diese im Rahmen Ihrer Bestellung oder bei einer Kontaktaufnahme mit uns (z.B. per Kontaktformular oder E-Mail) mitteilen. Pflichtfelder werden als solche gekennzeichnet, da wir in diesen F\u00e4llen die Daten zwingend zur Vertragsabwicklung, bzw. zur Bearbeitung Ihrer Kontaktaufnahme ben\u00f6tigen und Sie ohne deren Angabe die Bestellung nicht abschlie\u00dfen, bzw. die Kontaktaufnahme nicht versenden k\u00f6nnen. Welche Daten erhoben werden, ist aus den jeweiligen Eingabeformularen ersichtlich. Wir verwenden die von ihnen mitgeteilten Daten gem\u00e4\u00df Art. 6 Abs. 1. <br \/><br \/><\/li>\n<li><strong>Cookies und Webanalyse<\/strong><br \/>\n<p>Um den Besuch unserer Website attraktiv zu gestalten und die Nutzung bestimmter Funktionen zu erm\u00f6glichen, um passende Produkte anzuzeigen oder zur Marktforschung verwenden wir auf verschiedenen Seiten sogenannte Cookies. Dabei handelt es sich um Textdateien, die auf dem Computer der Nutzer:innen gespeichert werden und die eine Analyse der Benutzung der Webseite durch die Nutzer:innen erm\u00f6glichen. Dies dient der Wahrung unserer im Rahmen einer Interessensabw\u00e4gung \u00fcberwiegenden berechtigten Interessen an einer optimierten Darstellung unseres Angebots gem\u00e4\u00df Art. 6 Abs. 1 S. 1 lit. f DSGVO. Einige der von uns verwendeten Cookies werden nach Ende der Browser-Sitzung, also nach Schlie\u00dfen Ihres Browsers, wieder gel\u00f6scht (sog. Sitzungs-Cookies). Es besteht die M\u00f6glichkeit, die Installation der Cookies auch durch eine entsprechende Einstellung der Browser-Software zu verhindern. Wir weisen jedoch darauf hin, dass in diesem Fall m\u00f6glicherweise nicht s\u00e4mtliche Funktionen dieser Webseite vollumf\u00e4nglich genutzt werden k\u00f6nnen.<\/p>\n<p>Unsere Webseite benutzt Matomo, eine Open-Source-Software zur Analyse und statistischen Auswertung der Besucherzugriffe, angeboten von der InnoCraft Ltd. (150 Willis St, 6011 Wellington, New Zealand, NZBN 6106769; Repr\u00e4sentant in der EU: ePrivacy Holding GmbH, Gro\u00dfe Bleichen 21, 20354 Hamburg; Datenschutzerkl\u00e4rung: https:\/\/matomo.org\/matomo-cloud-privacy-policy). Die von Matomo in unserem Auftrag erhobenen Daten werden genutzt, um die Nutzung unseres Online-Angebots auswerten zu k\u00f6nnen, zum Beispiel um Berichte \u00fcber die Aktivit\u00e4t auf der Website zu erstellen, um unser Online-Angebot zu verbessern und um Missbrauch zu erkennen und zu stoppen. Dies dient der Wahrung unserer im Rahmen einer Interessensabw\u00e4gung \u00fcberwiegenden berechtigten Interessen an einer optimierten Darstellung unseres Angebots gem\u00e4\u00df Art. 6 Abs. 1 S. 1 lit. f DSGVO.<\/p>\n<p>Im Rahmen der Vereinbarung zur Auftragsdatenvereinbarung (https:\/\/matomo.org\/matomo-cloud-dpa\/), welche wir mit Matomo geschlossen haben, erstellt diese mit Hilfe der gesammelten Informationen eine Auswertung der Websitenutzung und der Websiteaktivit\u00e4t.<\/p>\n<p>Die gesammelten Informationen werden im Regelfall an einen Matomo-Server in Deutschland (Frankfurt) gesandt und dort gespeichert. Damit findet kein technischer Drittstaatentransfer statt. Soweit eine Daten\u00fcbertragung an den Unternehmenssitz von InnoCraft nach au\u00dferhalb des Europ\u00e4ischen Wirtschaftsraums erfolgt, ist dieser durch einen EU-Angemessenheitsbeschluss f\u00fcr Neuseeland abgesichert.<\/p>\n<p>Wir haben Matomo so eingestellt, dass IP-Adressen nur gek\u00fcrzt weiterverarbeitet werden, um eine direkte Personenbeziehbarkeit einzuschr\u00e4nken. Durch die IP-Anonymisierung wird das Ende Ihrer IP-Adresse direkt nach der Erfassung durch Nullen ersetzt.<\/p>\n<p>Wenn Sie die Erfassung der Besuche dieser Webseite durch Matomo per Opt-out deaktivieren, ist die Verwendung von Matomo-Deaktivierungs-Cookies technisch erforderlich.<\/p>\n<div id=\"matomo-opt-out\">\u00a0<\/div>\n<p><script src=\"https:\/\/meindachkannmehr.matomo.cloud\/index.php?module=CoreAdminHome&#038;action=optOutJS&#038;divId=matomo-opt-out&#038;language=de&#038;showIntro=1\"><\/script><\/p>\n<\/li>\n<li>\n<p><strong>Sicherheit and Firewall Plugin<\/strong><\/p>\n<p>Diese Website nutzt das Plugin \u201eAll In One WP Security &amp; Firewall\u201c, das bei Log-in-Versuchen IP-Adressen in der Datenbank dieser Website speichert. Mehr Informationen \u00fcber dieses Plugin finden Sie hier: https:\/\/de.wordpress.org\/plugins\/all-in-one-wp-security-and-firewall\/ und hier: https:\/\/aiosplugin.com\/privacy-policy\/<\/p>\n<p>Das Plugin wird benutzt, um die Sicherheit und den Schutz dieser Website zu erh\u00f6hen. Dies stellt ein berechtigtes Interesse im Sinne von Art. 6 Abs. 1 lit. f DSGVO dar.<\/p>\n<\/li>\n<li><strong>Kontaktm\u00f6glichkeiten und Ihre Rechte<br \/><\/strong>Als Betroffener haben Sie das Recht gem\u00e4\u00df Art. 15 DSGVO das Recht, in dem dort bezeichneten Umfang Auskunft \u00fcber Ihre von uns verarbeiteten personenbezogenen Daten zu verlangen.\n<p>Bei Einwilligungen oder Widerspruch gegen eine bestimmte Datenverwendung wenden Sie sich bitte direkt an uns \u00fcber die Kontaktdaten in unserem Impressum.<\/p>\n<\/li>\n<li><strong>Inhalt des Onlineangebotes<br \/><\/strong>Der Herausgeber \u00fcbernimmt keinerlei Gew\u00e4hr f\u00fcr die Aktualit\u00e4t, Korrektheit, Vollst\u00e4ndigkeit oder Qualit\u00e4t der bereitgestellten Informationen. Haftungsanspr\u00fcche gegen den Herausgeber, welche sich auf Sch\u00e4den materieller oder ideeller Art beziehen, die durch die Nutzung oder Nichtnutzung der dargebotenen Informationen bzw. durch die Nutzung fehlerhafter und unvollst\u00e4ndiger Informationen verursacht wurden, sind grunds\u00e4tzlich ausgeschlossen, sofern seitens des Herausgebers kein nachweislich vors\u00e4tzliches oder grob fahrl\u00e4ssiges Verschulden vorliegt.\n<p>Alle Angebote sind freibleibend und unverbindlich. Der Herausgeber beh\u00e4lt es sich ausdr\u00fccklich vor, Teile der Seiten oder das gesamte Angebot ohne gesonderte Ank\u00fcndigung zu ver\u00e4ndern, zu erg\u00e4nzen, zu l\u00f6schen oder die Ver\u00f6ffentlichung zeitweise oder endg\u00fcltig einzustellen.<\/p>\n<\/li>\n<\/ol>\n<p>&nbsp;<\/p>\t\t\t\t\t\t<\/div>\n\t\t\t\t<\/div>\n\t\t\t\t\t<\/div>\n\t\t<\/div>\n\t\t\t\t\t<\/div>\n\t\t<\/section>\n\t\t\t\t<\/div>\n\t\t","protected":false},"excerpt":{"rendered":"<p>Zugriffsdaten und HostingSie k\u00f6nnen unsere Webseiten besuchen, ohne Angaben zu Ihrer Person zu machen. Bei jedem Aufruf einer Webseite speichert der Webserver lediglich automatisch ein sogenanntes Server-Logfile, das z.B. den Namen der angeforderten Datei, Ihre IP-Adresse, Datum und Uhrzeit des Abrufs, \u00fcbertragene Datenmenge und den anfragenden Provider (Zugriffsdaten) enth\u00e4lt und den Abruf dokumentiert. Datenerhebung und &#8230; <a title=\"Datenschutz\" class=\"read-more\" href=\"https:\/\/mein-dach-kann-mehr.de\/seiten\/datenschutz\/\" aria-label=\"Mehr dazu unter Datenschutz\">Weiterlesen<\/a><\/p>\n","protected":false},"author":1,"featured_media":0,"parent":0,"menu_order":0,"comment_status":"closed","ping_status":"closed","template":"","meta":{"footnotes":""},"class_list":["post-21","page","type-page","status-publish"],"_links":{"self":[{"href":"https:\/\/mein-dach-kann-mehr.de\/seiten\/wp-json\/wp\/v2\/pages\/21","targetHints":{"allow":["GET"]}}],"collection":[{"href":"https:\/\/mein-dach-kann-mehr.de\/seiten\/wp-json\/wp\/v2\/pages"}],"about":[{"href":"https:\/\/mein-dach-kann-mehr.de\/seiten\/wp-json\/wp\/v2\/types\/page"}],"author":[{"embeddable":true,"href":"https:\/\/mein-dach-kann-mehr.de\/seiten\/wp-json\/wp\/v2\/users\/1"}],"replies":[{"embeddable":true,"href":"https:\/\/mein-dach-kann-mehr.de\/seiten\/wp-json\/wp\/v2\/comments?post=21"}],"version-history":[{"count":64,"href":"https:\/\/mein-dach-kann-mehr.de\/seiten\/wp-json\/wp\/v2\/pages\/21\/revisions"}],"predecessor-version":[{"id":799,"href":"https:\/\/mein-dach-kann-mehr.de\/seiten\/wp-json\/wp\/v2\/pages\/21\/revisions\/799"}],"wp:attachment":[{"href":"https:\/\/mein-dach-kann-mehr.de\/seiten\/wp-json\/wp\/v2\/media?parent=21"}],"curies":[{"name":"wp","href":"https:\/\/api.w.org\/{rel}","templated":true}]}}